{"id":4992,"date":"2021-05-28T12:57:05","date_gmt":"2021-05-28T10:57:05","guid":{"rendered":"http:\/\/smartclinic-web.azurewebsites.net\/politica-de-privacitat-i-proteccio-de-dades\/"},"modified":"2021-05-28T13:00:31","modified_gmt":"2021-05-28T11:00:31","slug":"politica-de-privacitat-i-proteccio-de-dades","status":"publish","type":"page","link":"https:\/\/nenomed.es\/ca\/politica-de-privacitat-i-proteccio-de-dades\/","title":{"rendered":"Pol\u00edtica de Privacitat i Protecci\u00f3 de Dades"},"content":{"rendered":"<div id='av_section_1'  class='avia-section main_color avia-section-default avia-no-border-styling  avia-bg-style-scroll  avia-builder-el-0  avia-builder-el-no-sibling   container_wrap sidebar_right' style=' '  ><div class='container' ><main  role=\"main\" itemprop=\"mainContentOfPage\"  class='template-page content  av-content-small alpha units'><div class='post-entry post-entry-type-page post-entry-4992'><div class='entry-content-wrapper clearfix'>\n<div  style='padding-bottom:10px; ' class='av-special-heading av-special-heading-h2  blockquote modern-quote modern-centered  avia-builder-el-1  el_before_av_table  avia-builder-el-first  '><h2 class='av-special-heading-tag '  itemprop=\"headline\"  >Pol\u00edtica de Privacitat i Protecci\u00f3 de Dades<\/h2><div class='special-heading-border'><div class='special-heading-inner-border' ><\/div><\/div><\/div>\n<div class='avia-data-table-wrap avia_responsive_table'><table class='avia-table avia-data-table avia-table-1  avia-builder-el-2  el_after_av_heading  el_before_av_heading  avia_pricing_default '  itemscope=\"itemscope\" itemtype=\"https:\/\/schema.org\/Table\" ><tbody><tr class=''><th class='avia-desc-col'>Responsable<\/th><td class=''>A2N Team Software Iberica SL &#8211; CIF B67169144<\/td><\/tr><tr class=''><th class='avia-desc-col'>Contacte<\/th><td class=''>C\/Enric Prat de la Riba 236, 3-1 &#8211; Hospitalet de Llobregat (Barcelona) agustinp85@gmail.com &#8211; Tel. 699646759 &#8211; https:\/\/a2nteam.es<\/td><\/tr><tr class=''><th class='avia-desc-col'>Finalidades<\/th><td class=''>Marketing, publicidad y prospecci\u00f3n comercial<\/td><\/tr><tr class=''><th class='avia-desc-col'>Legitimaci\u00f3n<\/th><td class=''>Consentimiento expl\u00edcito del interesado<\/td><\/tr><tr class=''><th class='avia-desc-col'>Conservaci\u00f3n<\/th><td class=''>Mientras no se solicite su supresi\u00f3n por el interesado<\/td><\/tr><tr class=''><th class='avia-desc-col'>Destinatarios<\/th><td class=''>No cedemos sus datos a terceros<\/td><\/tr><tr class=''><th class='avia-desc-col'>Transferencias Internacionales<\/th><td class=''>No realizamos transferencias internacionales de sus datos<\/td><\/tr><tr class=''><th class='avia-desc-col'>Procedencia<\/th><td class=''>&#8211; Clientes: El propio interesado o su representante legal<br \/>\n&#8211; Potenciales: El propio interesado o su representante legal<\/td><\/tr><tr class=''><th class='avia-desc-col'>Derechos<\/th><td class=''>Usted tiene derecho acceder a sus datos, rectificarlos, suprimirlos, limitar u oponerse a su tratamiento, a su portabilidad, a retirar su consentimiento y a presentar reclamaciones ante la Autoridad de Control (Agencia Espa\u00f1ola de Protecci\u00f3n de Datos). M\u00e1s informaci\u00f3n en nuestra &#8220;Pol\u00edtica de Privacidad y Protecci\u00f3n de Datos&#8221;.<br \/>\n<\/td><\/tr><\/tbody><\/table><\/div><style type='text\/css'>.avia-table-1 td:nth-of-type(1):before { content: 'Responsable'; } <\/style>\n<div  style='padding-bottom:10px; ' class='av-special-heading av-special-heading-h3  blockquote modern-quote  avia-builder-el-3  el_after_av_table  el_before_av_heading  '><h3 class='av-special-heading-tag '  itemprop=\"headline\"  >Detalles de Nuestra Pol\u00edtica de Privacidad<\/h3><div class='special-heading-border'><div class='special-heading-inner-border' ><\/div><\/div><\/div>\n<div  style='padding-bottom:10px; ' class='av-special-heading av-special-heading-h4  blockquote modern-quote  avia-builder-el-4  el_after_av_heading  el_before_av_textblock  '><h4 class='av-special-heading-tag '  itemprop=\"headline\"  >Informaci\u00f3n General<\/h4><div class='special-heading-border'><div class='special-heading-inner-border' ><\/div><\/div><\/div>\n<section class=\"av_textblock_section \"  itemscope=\"itemscope\" itemtype=\"https:\/\/schema.org\/CreativeWork\" ><div class='avia_textblock  '   itemprop=\"text\" ><p>La presente &#8220;Pol\u00edtica de Privacidad y Protecci\u00f3n de Datos&#8221; tiene como finalidad dar a conocer las condiciones que rigen la recogida y tratamiento de sus datos personales por parte de nuestra entidad o grupo corporativo para velar por los derechos fundamentales, su honor y libertades, todo ello en cumplimiento de las normativas vigentes que regulan la Protecci\u00f3n de Datos personales seg\u00fan la Uni\u00f3n Europea y el Estado Miembro espa\u00f1ol.<\/p>\n<p>En conformidad con dichas normativas, necesitamos disponer de su autorizaci\u00f3n y consentimiento para la recogida y el tratamiento de sus datos personales, por lo que a continuaci\u00f3n, le indicamos todos los detalles de su inter\u00e9s respecto a c\u00f3mo realizamos estos procesos, con qu\u00e9 finalidades, que otras entidades podr\u00edan tener acceso a sus datos y cu\u00e1les son sus derechos.<\/p>\n<p>Por todo lo expuesto, una vez revisada y le\u00edda nuestra Pol\u00edtica de Protecci\u00f3n de Datos, es imprescindible que la acepte en prueba de su conformidad y consentimiento.<\/p>\n<\/div><\/section>\n<div  style='padding-bottom:10px; ' class='av-special-heading av-special-heading-h4  blockquote modern-quote  avia-builder-el-6  el_after_av_textblock  el_before_av_textblock  '><h4 class='av-special-heading-tag '  itemprop=\"headline\"  >Responsable del Tratamiento<\/h4><div class='special-heading-border'><div class='special-heading-inner-border' ><\/div><\/div><\/div>\n<section class=\"av_textblock_section \"  itemscope=\"itemscope\" itemtype=\"https:\/\/schema.org\/CreativeWork\" ><div class='avia_textblock  '   itemprop=\"text\" ><p><strong>\u00bfQui\u00e9n recaba y trata sus datos?<\/strong><\/p>\n<p>El Responsable del Tratamiento de Datos es aquella persona f\u00edsica o jur\u00eddica, de naturaleza p\u00fablica o privada, u \u00f3rgano administrativo, que solo o conjuntamente con otros determine los fines y medios del tratamiento de datos personales; en caso de que los fines y medios del tratamiento est\u00e9n determinados por el Derecho de la Uni\u00f3n Europea o del Estado Miembro espa\u00f1ol.<\/p>\n<p>En este caso, nuestros datos identificativos como Responsable del Tratamiento son los siguientes:<\/p>\n<p>A2N Team Software Iberica SL &#8211; CIF B67169144<\/p>\n<p><strong>\u00bfC\u00f3mo puede contactar con nosotros?<\/strong><\/p>\n<p><strong>Domicilio de nuestras oficinas:<\/strong><\/p>\n<p>C\/Enric Prat de la Riba 236, 3-1. 08901, Hospitalet de Llobregat (Barcelona), Espa\u00f1a<\/p>\n<p>Email: agustinp85@gmail.com &#8211; Tel\u00e9fono: 699646759<\/p>\n<p><strong>Domicilio postal: <\/strong><\/p>\n<p>C\/Enric Prat de la Riba 236, 3-1. 08901, Hospitalet de Llobregat (Barcelona), Espa\u00f1a<\/p>\n<\/div><\/section>\n<div  style='padding-bottom:10px; ' class='av-special-heading av-special-heading-h4  blockquote modern-quote  avia-builder-el-8  el_after_av_textblock  el_before_av_textblock  '><h4 class='av-special-heading-tag '  itemprop=\"headline\"  >Medidas de Seguridad<\/h4><div class='special-heading-border'><div class='special-heading-inner-border' ><\/div><\/div><\/div>\n<section class=\"av_textblock_section \"  itemscope=\"itemscope\" itemtype=\"https:\/\/schema.org\/CreativeWork\" ><div class='avia_textblock  '   itemprop=\"text\" ><p><strong>\u00bfQu\u00e9 hacemos para garantizar la privacidad de sus datos?<\/strong><\/p>\n<p>Nuestra entidad o grupo corporativo adopta las medidas organizativas y t\u00e9cnicas necesarias para garantizar la seguridad y la privacidad de sus datos, evitar su alteraci\u00f3n, p\u00e9rdida, tratamiento o acceso no autorizado, dependiendo del estado de la tecnolog\u00eda, la naturaleza de los datos almacenado y los riesgos a que est\u00e1n expuestos.<\/p>\n<p>Entre otras, destacan las siguientes medidas:<\/p>\n<ul>\n<li>Garantizar la confidencialidad, integridad, disponibilidad y resiliencia permanentes de los sistemas y servicios de tratamiento.<\/li>\n<li>Restaurar la disponibilidad y el acceso a los datos personales de forma r\u00e1pida, en caso de incidente f\u00edsico o t\u00e9cnico.<\/li>\n<li>Verificar, evaluar y valorar, de forma regular, la eficacia de las medidas t\u00e9cnicas y organizativas implementadas para garantizar la seguridad del tratamiento.<\/li>\n<li>Seudonimizar y cifrar los datos personales, en caso de que se trate de datos sensibles.<\/li>\n<\/ul>\n<\/div><\/section>\n<div  style='padding-bottom:10px; ' class='av-special-heading av-special-heading-h4  blockquote modern-quote  avia-builder-el-10  el_after_av_textblock  el_before_av_textblock  '><h4 class='av-special-heading-tag '  itemprop=\"headline\"  >Finalidad del Tratamiento<\/h4><div class='special-heading-border'><div class='special-heading-inner-border' ><\/div><\/div><\/div>\n<section class=\"av_textblock_section \"  itemscope=\"itemscope\" itemtype=\"https:\/\/schema.org\/CreativeWork\" ><div class='avia_textblock  '   itemprop=\"text\" ><p><strong>\u00bfPara qu\u00e9 queremos tratar sus datos?<\/strong><\/p>\n<p>Necesitamos su autorizaci\u00f3n y consentimiento para recabar y tratar sus datos personales, por lo que a continuaci\u00f3n le detallamos los usos y finalidades previstas.<\/p>\n<p>Marketing, publicidad y prospecci\u00f3n comercial<\/p>\n<p><strong>\u00bfDurante cu\u00e1nto tiempo conservamos sus datos?<\/strong><\/p>\n<p>Utilizamos sus datos durante el tiempo estrictamente necesario para cumplir las finalidades indicadas anteriormente. Salvo que exista una obligaci\u00f3n o requerimiento legal, los plazos de conservaci\u00f3n previstos son:<\/p>\n<p>Mientras no se solicite su supresi\u00f3n por el interesado<\/p>\n<\/div><\/section>\n<div  style='padding-bottom:10px; ' class='av-special-heading av-special-heading-h4  blockquote modern-quote  avia-builder-el-12  el_after_av_textblock  el_before_av_textblock  '><h4 class='av-special-heading-tag '  itemprop=\"headline\"  >Legitimaci\u00f3n del Tratamiento<\/h4><div class='special-heading-border'><div class='special-heading-inner-border' ><\/div><\/div><\/div>\n<section class=\"av_textblock_section \"  itemscope=\"itemscope\" itemtype=\"https:\/\/schema.org\/CreativeWork\" ><div class='avia_textblock  '   itemprop=\"text\" ><p><strong>\u00bfPor qu\u00e9 tratamos sus datos?<\/strong><\/p>\n<p>La recogida y el tratamiento de sus datos est\u00e1 legitimado siempre por una o varias bases jur\u00eddicas, las cuales detallamos a continuaci\u00f3n:<\/p>\n<p>Consentimiento expl\u00edcito del interesado<\/p>\n<\/div><\/section>\n<div  style='padding-bottom:10px; ' class='av-special-heading av-special-heading-h4  blockquote modern-quote  avia-builder-el-14  el_after_av_textblock  el_before_av_textblock  '><h4 class='av-special-heading-tag '  itemprop=\"headline\"  >Destinatarios de Sus Datos<\/h4><div class='special-heading-border'><div class='special-heading-inner-border' ><\/div><\/div><\/div>\n<section class=\"av_textblock_section \"  itemscope=\"itemscope\" itemtype=\"https:\/\/schema.org\/CreativeWork\" ><div class='avia_textblock  '   itemprop=\"text\" ><p><strong>\u00bfA qui\u00e9nes cedemos sus datos dentro de la Uni\u00f3n Europea?<\/strong><\/p>\n<p>No realizamos cesiones de sus datos a terceras personas ni entidades, salvo obligaci\u00f3n legal.<\/p>\n<p><strong>\u00bfRealizamos Transferencias Internacionales de sus datos fuera de la Uni\u00f3n Europea?<\/strong><\/p>\n<p>No realizamos transferencias internacionales de sus datos<\/p>\n<\/div><\/section>\n<div  style='padding-bottom:10px; ' class='av-special-heading av-special-heading-h4  blockquote modern-quote  avia-builder-el-16  el_after_av_textblock  el_before_av_textblock  '><h4 class='av-special-heading-tag '  itemprop=\"headline\"  >Procedencia y Tipos de Datos Tratados<\/h4><div class='special-heading-border'><div class='special-heading-inner-border' ><\/div><\/div><\/div>\n<section class=\"av_textblock_section \"  itemscope=\"itemscope\" itemtype=\"https:\/\/schema.org\/CreativeWork\" ><div class='avia_textblock  '   itemprop=\"text\" ><p><strong>\u00bfDe d\u00f3nde hemos obtenido sus datos?<\/strong><\/p>\n<ul>\n<li><strong>Clientes<\/strong>: El propio interesado o su representante legal<\/li>\n<li><strong>Potenciales<\/strong>: El propio interesado o su representante legal<\/li>\n<\/ul>\n<p><strong>\u00bfQu\u00e9 tipos de datos suyos hemos recabado y tratamos?<\/strong><\/p>\n<p><strong>Clientes<\/strong><\/p>\n<p style=\"padding-left: 40px;\"><strong>Datos identificativos<\/strong> (Nombre y Apellidos; Direcci\u00f3n electr\u00f3nica)<\/p>\n<p><strong>Potenciales<\/strong><\/p>\n<p style=\"padding-left: 40px;\"><strong>Datos identificativos<\/strong> (Nombre y Apellidos; Direcci\u00f3n electr\u00f3nica)<\/p>\n<\/div><\/section>\n<div  style='padding-bottom:10px; ' class='av-special-heading av-special-heading-h4  blockquote modern-quote  avia-builder-el-18  el_after_av_textblock  el_before_av_textblock  '><h4 class='av-special-heading-tag '  itemprop=\"headline\"  >Derechos de los Interesados<\/h4><div class='special-heading-border'><div class='special-heading-inner-border' ><\/div><\/div><\/div>\n<section class=\"av_textblock_section \"  itemscope=\"itemscope\" itemtype=\"https:\/\/schema.org\/CreativeWork\" ><div class='avia_textblock  '   itemprop=\"text\" ><p><strong>\u00bfCu\u00e1les son los derechos que le amparan?<\/strong><\/p>\n<p>La normativa vigente de protecci\u00f3n de datos le ampara en una serie de derechos en relaci\u00f3n al uso que le damos a sus datos. Todos y cada uno de sus derechos son unipersonales e intransferibles, es decir, que \u00fanicamente pueden ser realizados por el titular de los datos, previa comprobaci\u00f3n de su identidad.<\/p>\n<p>A continuaci\u00f3n, le indicamos cuales son los derechos que le asisten:<\/p>\n<ul>\n<li>Solicitar el ACCESO a sus datos personales<\/li>\n<li>Solicitar la RECTIFICACION de sus datos<\/li>\n<li>Solicitar la SUPRESI\u00d3N o eliminaci\u00f3n de sus datos (derecho al &#8220;olvido&#8221;)<\/li>\n<li>LIMITAR u OPONERSE al uso que le damos a sus datos<\/li>\n<li>Derecho a la PORTABILIDAD de sus datos para casos de servicios de telecomunicaciones o internet.<\/li>\n<li>Derecho a RETIRAR su consentimiento en cualquier momento<\/li>\n<li>Derecho a presentar una RECLAMACI\u00d3N en materia de protecci\u00f3n de datos ante la Autoridad de Control: Agencia Espa\u00f1ola de Protecci\u00f3n de Datos<\/li>\n<\/ul>\n<p><strong>\u00bfC\u00f3mo puede ejercer sus derechos en relaci\u00f3n a sus datos?<\/strong><\/p>\n<p>Para el ejercicio de sus derechos de acceso, rectificaci\u00f3n, supresi\u00f3n, limitaci\u00f3n u oposici\u00f3n, portabilidad y retirada de su consentimiento, puede hacerlo de la siguiente forma:<\/p>\n<ul>\n<li><strong>Responsable<\/strong>: A2N Team Software Iberica SL<\/li>\n<li><strong>Direcci\u00f3n<\/strong>: C\/Enric Prat de la Riba 236, 3-1. 08901, Hospitalet de Llobregat (Barcelona), Espa\u00f1a<\/li>\n<li><strong>Tel\u00e9fono<\/strong>: 699646759<\/li>\n<li><strong>E-mail<\/strong>: agustinp85@gmail.com<\/li>\n<li><strong>P\u00e1gina web<\/strong>: https:\/\/smartclinicweb.es o https:\/\/www.smartclinicweb.es \/ https:\/\/smartclinicweb.com o https:\/\/www.smartclinicweb.com \/ https:\/\/smartclinicweb.net o https:\/\/www.smartclinicweb.net<\/li>\n<\/ul>\n<p><strong>\u00bfC\u00f3mo puede presentar una reclamaci\u00f3n?<\/strong><\/p>\n<p>Adem\u00e1s de los derechos que le asisten, si cree que sus datos no se est\u00e1n recabando o tratando conforme a la normativa vigente de Protecci\u00f3n de Datos, usted podr\u00e1 realizar una reclamaci\u00f3n ante la Autoridad de Control, cuyos datos de contacto indicamos a continuaci\u00f3n:<\/p>\n<p style=\"text-align: center;\">Agencia Espa\u00f1ola de Protecci\u00f3n de Datos<br \/>\nC\/. Jorge Juan, 6. 28001, Madrid (Madrid), Espa\u00f1a<br \/>\nEmail: info@aepd.es &#8211; Tel\u00e9fono: 912663517<br \/>\nWeb: https:\/\/www.aepd.es<\/p>\n<\/div><\/section>\n<div  style='padding-bottom:10px; ' class='av-special-heading av-special-heading-h4  blockquote modern-quote  avia-builder-el-20  el_after_av_textblock  el_before_av_textblock  '><h4 class='av-special-heading-tag '  itemprop=\"headline\"  >Consentimiento y Aceptaci\u00f3n<\/h4><div class='special-heading-border'><div class='special-heading-inner-border' ><\/div><\/div><\/div>\n<section class=\"av_textblock_section \"  itemscope=\"itemscope\" itemtype=\"https:\/\/schema.org\/CreativeWork\" ><div class='avia_textblock  '   itemprop=\"text\" ><p>La aceptaci\u00f3n del presente documento indica que usted entiende, acepta todas las cl\u00e1usulas de nuestra pol\u00edtica de privacidad por lo que autoriza la recogida y el tratamiento de sus datos personales en estos t\u00e9rminos. Esta aceptaci\u00f3n se realiza mediante la activaci\u00f3n de la casilla de verificaci\u00f3n de &#8220;Lectura y Aceptaci\u00f3n&#8221; de nuestra Pol\u00edtica de Privacidad.<\/p>\n<\/div><\/section>\n<\/div><\/div><\/main><!-- close content main element --><\/div><\/div><div id='after_section_1'  class='main_color av_default_container_wrap container_wrap sidebar_right' style=' '  ><div class='container' ><div class='template-page content  av-content-small alpha units'><div class='post-entry post-entry-type-page post-entry-4992'><div class='entry-content-wrapper clearfix'>\n","protected":false},"excerpt":{"rendered":"Pol\u00edtica de Privacitat i Protecci\u00f3 de Dades ResponsableA2N Team Software Iberica SL - CIF B67169144ContacteC\/Enric Prat de la Riba 236, 3-1 - Hospitalet de Llobregat (Barcelona) agustinp85@gmail.com - Tel. 699646759 - https:\/\/a2nteam.esFinalidadesMarketing, publicidad y prospecci\u00f3n comercialLegitimaci\u00f3nConsentimiento expl\u00edcito del interesadoConservaci\u00f3nMientras no se solicite su supresi\u00f3n por el interesadoDestinatariosNo cedemos sus datos a tercerosTransferencias InternacionalesNo realizamos transferencias [...]","protected":false},"author":1,"featured_media":0,"parent":0,"menu_order":0,"comment_status":"closed","ping_status":"closed","template":"","meta":[],"_links":{"self":[{"href":"https:\/\/nenomed.es\/ca\/wp-json\/wp\/v2\/pages\/4992"}],"collection":[{"href":"https:\/\/nenomed.es\/ca\/wp-json\/wp\/v2\/pages"}],"about":[{"href":"https:\/\/nenomed.es\/ca\/wp-json\/wp\/v2\/types\/page"}],"author":[{"embeddable":true,"href":"https:\/\/nenomed.es\/ca\/wp-json\/wp\/v2\/users\/1"}],"replies":[{"embeddable":true,"href":"https:\/\/nenomed.es\/ca\/wp-json\/wp\/v2\/comments?post=4992"}],"version-history":[{"count":0,"href":"https:\/\/nenomed.es\/ca\/wp-json\/wp\/v2\/pages\/4992\/revisions"}],"wp:attachment":[{"href":"https:\/\/nenomed.es\/ca\/wp-json\/wp\/v2\/media?parent=4992"}],"curies":[{"name":"wp","href":"https:\/\/api.w.org\/{rel}","templated":true}]}}