{"id":4817,"date":"2021-05-28T08:48:34","date_gmt":"2021-05-28T06:48:34","guid":{"rendered":"http:\/\/smartclinic-web.azurewebsites.net\/podologia\/"},"modified":"2021-06-11T12:24:45","modified_gmt":"2021-06-11T10:24:45","slug":"podologia","status":"publish","type":"page","link":"https:\/\/nenomed.es\/ca\/podologia\/","title":{"rendered":"Podologia"},"content":{"rendered":"<p>[vc_row full_width=&#8221;stretch_row_content_no_spaces&#8221; css=&#8221;.vc_custom_1620289255274{margin-top: -90px !important;background-image: url(\/wp-content\/uploads\/2021\/05\/HEADER-fisio.jpg?id=3940) !important;}&#8221;][vc_column offset=&#8221;vc_hidden-sm vc_hidden-xs&#8221;][vc_empty_space height=&#8221;450px&#8221;][\/vc_column][\/vc_row][vc_row full_width=&#8221;stretch_row_content_no_spaces&#8221;][vc_column offset=&#8221;vc_hidden-lg&#8221;][vc_empty_space height=&#8221;30px&#8221;][vc_single_image image=&#8221;3941&#8243; img_size=&#8221;full&#8221;][\/vc_column][\/vc_row][vc_row full_width=&#8221;stretch_row_content_no_spaces&#8221;][vc_column offset=&#8221;vc_hidden-md vc_hidden-sm vc_hidden-xs&#8221;][vc_empty_space height=&#8221;90px&#8221;][\/vc_column][\/vc_row][vc_row][vc_column][vc_column_text el_class=&#8221;tituloazul&#8221;]<\/p>\n<h1 style=\"text-align: center\">Nenomed\u00ae, el millor software per a centres fisioterap\u00e8utics<\/h1>\n<p>[\/vc_column_text][vc_empty_space][vc_column_text]<\/p>\n<p style=\"text-align: center\">Gestionar el teu negoci pot robar-te molt temps i pot ser que no disposis de les eines necess\u00e0ries per a fer-ho, per aix\u00f2 t&#8217;aconsellem disposar d&#8217;un programa de gesti\u00f3 espec\u00edfic per a centres fisioterap\u00e8utics com <strong>Nenomed\u00ae, el qual podr\u00e0 facilitar-te el treball i centralitzar tota la informaci\u00f3 del teu negoci en un \u00fanic lloc<\/strong>.<\/p>\n<p>[\/vc_column_text][vc_empty_space height=&#8221;90px&#8221;][\/vc_column][\/vc_row][vc_row full_width=&#8221;stretch_row_content_no_spaces&#8221; equal_height=&#8221;yes&#8221; css=&#8221;.vc_custom_1620111301438{background-color: #f9f9f9 !important;}&#8221;][vc_column width=&#8221;3\/5&#8243; css=&#8221;.vc_custom_1620141692105{padding-right: 96px !important;padding-left: 96px !important;}&#8221; offset=&#8221;vc_hidden-sm vc_hidden-xs&#8221;][vc_empty_space height=&#8221;90px&#8221;][vc_column_text el_class=&#8221;tituloazul&#8221;]<\/p>\n<h2>De quina manera pot<br \/>\nmillorar l&#8217;organitzaci\u00f3<br \/>\nen el teu centre fisioterap\u00e8utic?<\/h2>\n<p>[\/vc_column_text][vc_single_image image=&#8221;3462&#8243; img_size=&#8221;full&#8221; css_animation=&#8221;bounceInLeft&#8221;][vc_empty_space][vc_column_text]<\/p>\n<p style=\"text-align: justify\">Nenomed<strong>\u00ae<\/strong> <strong>et permetr\u00e0 millorar la gesti\u00f3 del teu centre o cl\u00ednica terap\u00e8utica a nivell operatiu i millorar\u00e0s tamb\u00e9 la gesti\u00f3 interna de tots els departaments del teu negoci<\/strong>.<\/p>\n<p style=\"text-align: justify\">\u00c9s un programa que unifica tota la informaci\u00f3, perqu\u00e8 puguis gaudir <strong>d&#8217;una soluci\u00f3 integral amb la qual veur\u00e0s tota la informaci\u00f3 d&#8217;una forma molt m\u00e9s classificada i clara, per a treballar de forma m\u00e9s intu\u00eftiva<\/strong>. A m\u00e9s, \u00e9s una eina que <strong>est\u00e0 en el n\u00favol i aix\u00f2 es tradueix en una gran accessibilitat, podent accedir a aquest software estiguis on estiguis<\/strong>.<\/p>\n<p>[\/vc_column_text][vc_empty_space height=&#8221;100px&#8221;][\/vc_column][vc_column width=&#8221;2\/5&#8243; css=&#8221;.vc_custom_1620289274272{background-image: url(\/wp-content\/uploads\/2021\/05\/especialidad-fisio-foto1.jpg?id=3943) !important;background-position: center !important;background-repeat: no-repeat !important;background-size: cover !important;}&#8221; offset=&#8221;vc_hidden-sm vc_hidden-xs&#8221;][\/vc_column][\/vc_row][vc_row full_width=&#8221;stretch_row_content_no_spaces&#8221; equal_height=&#8221;yes&#8221; css=&#8221;.vc_custom_1620111301438{background-color: #f9f9f9 !important;}&#8221;][vc_column width=&#8221;3\/5&#8243; css=&#8221;.vc_custom_1620141720917{padding-right: 16px !important;padding-left: 16px !important;}&#8221; offset=&#8221;vc_hidden-lg vc_hidden-md&#8221;][vc_column_text el_class=&#8221;tituloazul&#8221;]<\/p>\n<h2>De quina manera pot millorar l&#8217;organitzaci\u00f3 en el teu centre fisioterap\u00e8utic?<\/h2>\n<p>[\/vc_column_text][vc_single_image image=&#8221;3462&#8243; img_size=&#8221;full&#8221;][vc_empty_space][vc_column_text]<\/p>\n<p style=\"text-align: justify\">Nenomed<strong>\u00ae<\/strong> <strong>et permetr\u00e0 millorar la gesti\u00f3 del teu centre o cl\u00ednica terap\u00e8utica a nivell operatiu i millorar\u00e0s tamb\u00e9 la gesti\u00f3 interna de tots els departaments del teu negoci<\/strong>.<\/p>\n<p style=\"text-align: justify\">\u00c9s un programa que unifica tota la informaci\u00f3, perqu\u00e8 puguis gaudir <strong>d&#8217;una soluci\u00f3 integral amb la qual veur\u00e0s tota la informaci\u00f3 d&#8217;una forma molt m\u00e9s classificada i clara, per a treballar de forma m\u00e9s intu\u00eftiva<\/strong>. A m\u00e9s, \u00e9s una eina que <strong>est\u00e0 en el n\u00favol i aix\u00f2 es tradueix en una gran accessibilitat, podent accedir a aquest software estiguis on estiguis<\/strong>.<\/p>\n<p>[\/vc_column_text][vc_empty_space height=&#8221;36px&#8221;][\/vc_column][vc_column width=&#8221;2\/5&#8243; css=&#8221;.vc_custom_1620141727828{background-position: center !important;background-repeat: no-repeat !important;background-size: cover !important;}&#8221; offset=&#8221;vc_hidden-lg vc_hidden-md&#8221;][vc_single_image image=&#8221;3944&#8243; img_size=&#8221;full&#8221;][\/vc_column][\/vc_row][vc_row full_width=&#8221;stretch_row_content_no_spaces&#8221; equal_height=&#8221;yes&#8221; css=&#8221;.vc_custom_1620114930961{background-color: #f9f9f9 !important;}&#8221;][vc_column width=&#8221;1\/3&#8243; css=&#8221;.vc_custom_1620289304203{background-image: url(\/wp-content\/uploads\/2021\/05\/especialidad-fisio-foto-2.jpg?id=3946) !important;background-position: center !important;background-repeat: no-repeat !important;background-size: cover !important;}&#8221; offset=&#8221;vc_hidden-sm vc_hidden-xs&#8221;][\/vc_column][vc_column width=&#8221;2\/3&#8243; css=&#8221;.vc_custom_1620141750965{padding-right: 96px !important;padding-left: 96px !important;}&#8221; offset=&#8221;vc_hidden-sm vc_hidden-xs&#8221;][vc_empty_space height=&#8221;90px&#8221;][vc_column_text el_class=&#8221;tituloazul&#8221;]<\/p>\n<h2>Quin \u00e9s l&#8217;objectiu de<br \/>\nNenomed\u00ae?<\/h2>\n<p>[\/vc_column_text][vc_single_image image=&#8221;3462&#8243; img_size=&#8221;full&#8221; css_animation=&#8221;bounceInRight&#8221;][vc_column_text]<\/p>\n<p style=\"text-align: justify\">Nenomed<strong>\u00ae<\/strong> \u00e9s el millor programa de gesti\u00f3 per a centres fisioterap\u00e8utics i cl\u00edniques de fisioter\u00e0pia, amb el qual podr\u00e0s gestionar-lo tot.<\/p>\n<p>[\/vc_column_text][vc_column_text]<\/p>\n<ul class=\"listaIconos\">\n<li class=\"iconList\"><strong>Millor seguiment dels pacients<\/strong>; Accedir\u00e0s a l&#8217;historial cl\u00ednic de cada pacient, en el qual emmagatzemes tota la informaci\u00f3 de cadascun d&#8217;ells.<\/li>\n<li class=\"iconList\"><strong>Gestiones les cites<\/strong>; Agendes les cites i organitzes la sala d&#8217;espera virtual d&#8217;una forma senzilla, estalviant treball de secretaria<\/li>\n<li class=\"iconList\"><strong>Millores l&#8217;atenci\u00f3 al client<\/strong>; Tens tot m\u00e9s controlat i fas un seguiment m\u00e9s personalitzat i acurat de cada pacient.<\/li>\n<li class=\"iconList\"><strong>Controles la facturaci\u00f3<\/strong>; informes de vendes, torns, campanyes de m\u00e0rqueting, etc.<\/li>\n<\/ul>\n<p>[\/vc_column_text][vc_empty_space height=&#8221;100px&#8221;][\/vc_column][\/vc_row][vc_row full_width=&#8221;stretch_row_content_no_spaces&#8221; equal_height=&#8221;yes&#8221; css=&#8221;.vc_custom_1620114930961{background-color: #f9f9f9 !important;}&#8221;][vc_column width=&#8221;1\/2&#8243; css=&#8221;.vc_custom_1620141811917{padding-right: 16px !important;padding-left: 16px !important;background-position: center !important;background-repeat: no-repeat !important;background-size: cover !important;}&#8221; offset=&#8221;vc_hidden-lg vc_hidden-md&#8221;][vc_empty_space height=&#8221;36px&#8221;][vc_column_text el_class=&#8221;tituloazul&#8221;]<\/p>\n<h2>Quin \u00e9s l&#8217;objectiu de Nenomed\u00ae?<\/h2>\n<p>[\/vc_column_text][vc_single_image image=&#8221;3462&#8243; img_size=&#8221;full&#8221;][vc_column_text]<\/p>\n<p style=\"text-align: justify\">Nenomed<strong>\u00ae<\/strong> \u00e9s el millor programa de gesti\u00f3 per a centres fisioterap\u00e8utics i cl\u00edniques de fisioter\u00e0pia, amb el qual podr\u00e0s gestionar-lo tot.<\/p>\n<p>[\/vc_column_text][vc_column_text]<\/p>\n<ul class=\"listaIconos\">\n<li class=\"iconList\"><strong>Millor seguiment dels pacients<\/strong>; Accedir\u00e0s a l&#8217;historial cl\u00ednic de cada pacient, en el qual emmagatzemes tota la informaci\u00f3 de cadascun d&#8217;ells.<\/li>\n<li class=\"iconList\"><strong>Gestiones les cites<\/strong>; Agendes les cites i organitzes la sala d&#8217;espera virtual d&#8217;una forma senzilla, estalviant treball de secretaria<\/li>\n<li class=\"iconList\"><strong>Millores l&#8217;atenci\u00f3 al client<\/strong>; Tens tot m\u00e9s controlat i fas un seguiment m\u00e9s personalitzat i acurat de cada pacient.<\/li>\n<li class=\"iconList\"><strong>Controles la facturaci\u00f3<\/strong>; informes de vendes, torns, campanyes de m\u00e0rqueting, etc.<\/li>\n<\/ul>\n<p>[\/vc_column_text][vc_empty_space height=&#8221;36px&#8221;][\/vc_column][vc_column width=&#8221;1\/2&#8243; offset=&#8221;vc_hidden-lg vc_hidden-md&#8221;][vc_single_image image=&#8221;3947&#8243; img_size=&#8221;full&#8221;][\/vc_column][\/vc_row][vc_row full_width=&#8221;stretch_row_content_no_spaces&#8221; equal_height=&#8221;yes&#8221;][vc_column width=&#8221;1\/2&#8243; offset=&#8221;vc_hidden-sm vc_hidden-xs&#8221;][vc_empty_space height=&#8221;72px&#8221;][vc_column_text css_animation=&#8221;fadeIn&#8221; el_class=&#8221;ventajas&#8221;]<\/p>\n<h2 style=\"text-align: center\">Quins avantatges<br \/>\nofereix?<\/h2>\n<p>[\/vc_column_text][vc_empty_space height=&#8221;72px&#8221;][\/vc_column][vc_column width=&#8221;1\/2&#8243; css=&#8221;.vc_custom_1620289334073{background-image: url(\/wp-content\/uploads\/2021\/05\/especialidad-fisio-foto-3.jpg?id=3949) !important;background-position: center !important;background-repeat: no-repeat !important;background-size: cover !important;}&#8221; offset=&#8221;vc_hidden-sm vc_hidden-xs&#8221;][\/vc_column][\/vc_row][vc_row full_width=&#8221;stretch_row_content_no_spaces&#8221; equal_height=&#8221;yes&#8221;][vc_column offset=&#8221;vc_hidden-lg vc_hidden-md vc_hidden-xs&#8221;][vc_empty_space height=&#8221;36px&#8221;][vc_column_text]<\/p>\n<h2 style=\"text-align: center\">Quins avantatges<br \/>\nofereix?<\/h2>\n<p>[\/vc_column_text][vc_empty_space height=&#8221;36px&#8221;][\/vc_column][\/vc_row][vc_row full_width=&#8221;stretch_row_content_no_spaces&#8221; equal_height=&#8221;yes&#8221;][vc_column width=&#8221;1\/4&#8243; css=&#8221;.vc_custom_1620116474370{padding-top: 30px !important;padding-right: 30px !important;padding-bottom: 30px !important;padding-left: 30px !important;background-color: #454545 !important;}&#8221;][vc_column_text el_class=&#8221;tituloazul&#8221;]<\/p>\n<h5>Segmentar les campanyes de m\u00e0rqueting<\/h5>\n<p>[\/vc_column_text][vc_column_text el_class=&#8221;textwhite&#8221;]<\/p>\n<p style=\"text-align: justify\">Personalitzes l&#8217;enviament dels serveis pensant en les necessitats o prefer\u00e8ncies de cada pacient.<\/p>\n<p>[\/vc_column_text][\/vc_column][vc_column width=&#8221;1\/4&#8243; css=&#8221;.vc_custom_1620116489733{padding-top: 30px !important;padding-right: 30px !important;padding-bottom: 30px !important;padding-left: 30px !important;}&#8221;][vc_column_text el_class=&#8221;tituloazul&#8221;]<\/p>\n<h5>Automatitzes tasques<\/h5>\n<p>[\/vc_column_text][vc_column_text]<\/p>\n<p style=\"text-align: justify\">Estalvies temps perqu\u00e8 fas tasques de manera autom\u00e0tica, les quals realitzaves manualment i redu\u00efen la teva productivitat.<\/p>\n<p>[\/vc_column_text][\/vc_column][vc_column width=&#8221;1\/4&#8243; css=&#8221;.vc_custom_1620116499197{padding-top: 30px !important;padding-right: 30px !important;padding-bottom: 30px !important;padding-left: 30px !important;background-color: #454545 !important;}&#8221;][vc_column_text el_class=&#8221;tituloazul&#8221;]<\/p>\n<h5>\u00das de noves tecnologies<\/h5>\n<p>[\/vc_column_text][vc_column_text el_class=&#8221;textwhite&#8221;]<\/p>\n<p style=\"text-align: justify\">Aprofitar les TIC i els recursos adaptats al teu treball, per a ser m\u00e9s \u00e0gil i professional.<\/p>\n<p>[\/vc_column_text][\/vc_column][vc_column width=&#8221;1\/4&#8243; css=&#8221;.vc_custom_1620116514781{padding-top: 30px !important;padding-right: 30px !important;padding-bottom: 30px !important;padding-left: 30px !important;}&#8221;][vc_column_text el_class=&#8221;tituloazul&#8221;]<\/p>\n<h5>Informaci\u00f3 centralitzada<\/h5>\n<p>[\/vc_column_text][vc_column_text]<\/p>\n<p style=\"text-align: justify\">Disposes d&#8217;una visi\u00f3 global, en la qual la informaci\u00f3 est\u00e0 unificada, classificada i ben organitzada.<\/p>\n<p>[\/vc_column_text][\/vc_column][\/vc_row][vc_row full_width=&#8221;stretch_row_content_no_spaces&#8221; parallax=&#8221;content-moving&#8221; parallax_image=&#8221;3781&#8243;][vc_column offset=&#8221;vc_hidden-sm vc_hidden-xs&#8221;][vc_empty_space height=&#8221;500px&#8221;][vc_column_text el_class=&#8221;tituloblanco&#8221; css=&#8221;.vc_custom_1620116087909{padding-left: 96px !important;}&#8221;]<\/p>\n<h2>Aconsegueix que els teus pacients es<br \/>\nsentin m\u00e9s ben atesos amb el<br \/>\nl&#8217;\u00fas de Nenomed\u00ae<\/h2>\n<p>[\/vc_column_text][vc_empty_space height=&#8221;100px&#8221;][\/vc_column][\/vc_row][vc_row full_width=&#8221;stretch_row_content_no_spaces&#8221; parallax=&#8221;content-moving&#8221; parallax_image=&#8221;3781&#8243;][vc_column offset=&#8221;vc_hidden-lg vc_hidden-md&#8221;][vc_empty_space height=&#8221;300px&#8221;][vc_column_text el_class=&#8221;tituloblanco&#8221; css=&#8221;.vc_custom_1620141980737{padding-left: 96px !important;}&#8221;]<\/p>\n<h2>Aconsegueix que els teus pacients se sentin m\u00e9s ben atesos amb l&#8217;\u00fas de Nenomed\u00ae<\/h2>\n<p>[\/vc_column_text][vc_empty_space height=&#8221;100px&#8221;][\/vc_column][\/vc_row][vc_row full_width=&#8221;stretch_row_content_no_spaces&#8221; equal_height=&#8221;yes&#8221;][vc_column width=&#8221;1\/2&#8243; css=&#8221;.vc_custom_1620142001348{padding-left: 120px !important;background-color: #4eb2d6 !important;}&#8221; offset=&#8221;vc_hidden-sm vc_hidden-xs&#8221;][vc_empty_space height=&#8221;100px&#8221;][vc_column_text css_animation=&#8221;bounceInLeft&#8221; el_class=&#8221;tituloblanco&#8221;]<\/p>\n<h2>Per qu\u00e8 usar un CRM en la teva cl\u00ednica o centre de fisioter\u00e0pia?<\/h2>\n<p>[\/vc_column_text][vc_empty_space height=&#8221;100px&#8221;][\/vc_column][vc_column width=&#8221;1\/2&#8243; css=&#8221;.vc_custom_1620142007269{padding-right: 96px !important;padding-left: 96px !important;background-color: #454545 !important;}&#8221; offset=&#8221;vc_hidden-sm vc_hidden-xs&#8221;][vc_empty_space height=&#8221;100px&#8221;][vc_column_text css_animation=&#8221;fadeIn&#8221; el_class=&#8221;textwhite&#8221;]El CRM millorar\u00e0 el teu negoci en molts aspectes i m\u00e9s si estem parlant d&#8217;una soluci\u00f3 integral i personalitzada, ja que disposar\u00e0s d&#8217;eines i recursos adaptats a les necessitats del teu negoci. Aix\u00f2 <strong>et permetr\u00e0 portar una gesti\u00f3 m\u00e9s centralitzada, efica\u00e7, productiva, professional i racional de l&#8217;empresa<\/strong>.<\/p>\n<p>\u00c9s un CRM, cosa que significa que evolucionar\u00e0 tenint en compte les necessitats que presenta el teu negoci a cada moment. <strong>Aquest software es crea a mesura per a cada negoci<\/strong> i s&#8217;obt\u00e9 una gesti\u00f3 optimitzada i enfocada a les particularitats de cada empresa, per a proporcionar els millors resultats en el menor temps possible, podent modificar-se amb el pas del temps.[\/vc_column_text][vc_empty_space height=&#8221;100px&#8221;][\/vc_column][\/vc_row][vc_row full_width=&#8221;stretch_row_content_no_spaces&#8221; equal_height=&#8221;yes&#8221;][vc_column width=&#8221;1\/2&#8243; css=&#8221;.vc_custom_1620142028824{padding-right: 16px !important;padding-left: 16px !important;background-color: #4eb2d6 !important;}&#8221; offset=&#8221;vc_hidden-lg vc_hidden-md&#8221;][vc_empty_space height=&#8221;36px&#8221;][vc_column_text el_class=&#8221;tituloblanco&#8221;]<\/p>\n<h2>Per qu\u00e8 usar un CRM en la teva cl\u00ednica o centre de fisioter\u00e0pia?<\/h2>\n<p>[\/vc_column_text][vc_empty_space height=&#8221;36px&#8221;][\/vc_column][vc_column width=&#8221;1\/2&#8243; css=&#8221;.vc_custom_1620142049244{padding-right: 16px !important;padding-left: 16px !important;background-color: #454545 !important;}&#8221; offset=&#8221;vc_hidden-lg vc_hidden-md&#8221;][vc_empty_space height=&#8221;36px&#8221;][vc_column_text el_class=&#8221;textwhite&#8221;]El CRM millorar\u00e0 el teu negoci en molts aspectes i m\u00e9s si estem parlant d&#8217;una soluci\u00f3 integral i personalitzada, ja que disposar\u00e0s d&#8217;eines i recursos adaptats a les necessitats del teu negoci. Aix\u00f2 <strong>et permetr\u00e0 portar una gesti\u00f3 m\u00e9s centralitzada, efica\u00e7, productiva, professional i racional de l&#8217;empresa<\/strong>.<\/p>\n<p>\u00c9s un CRM, cosa que significa que evolucionar\u00e0 tenint en compte les necessitats que presenta el teu negoci a cada moment. <strong>Aquest software es crea a mesura per a cada negoci<\/strong> i s&#8217;obt\u00e9 una gesti\u00f3 optimitzada i enfocada a les particularitats de cada empresa, per a proporcionar els millors resultats en el menor temps possible, podent modificar-se amb el pas del temps.[\/vc_column_text][vc_empty_space height=&#8221;36px&#8221;][\/vc_column][\/vc_row][vc_row full_width=&#8221;stretch_row_content&#8221;][vc_column width=&#8221;1\/2&#8243; offset=&#8221;vc_hidden-sm vc_hidden-xs&#8221;][vc_single_image image=&#8221;3591&#8243; img_size=&#8221;full&#8221; alignment=&#8221;center&#8221; css_animation=&#8221;bounceInLeft&#8221;][\/vc_column][vc_column width=&#8221;1\/2&#8243; css=&#8221;.vc_custom_1620062336960{padding-right: 96px !important;padding-left: 96px !important;}&#8221; offset=&#8221;vc_hidden-sm vc_hidden-xs&#8221;][vc_empty_space height=&#8221;140px&#8221;][vc_column_text el_class=&#8221;tituloazul&#8221;]<\/p>\n<h2>Sol\u00b7licita la teva demo gratis<\/h2>\n<p>[\/vc_column_text][vc_single_image image=&#8221;3501&#8243; img_size=&#8221;full&#8221; css_animation=&#8221;bounceInRight&#8221;][vc_column_text]A qu\u00e8 est\u00e0s esperant per a provar Nenomed\u00ae? Comen\u00e7a ara a gaudir d&#8217;un per\u00edode de prova d&#8217;1 mes sense cap limitaci\u00f3.[\/vc_column_text][vc_btn title=&#8221;SOL\u00b7LICITAR PROVA GRATU\u00cfTA&#8221; style=&#8221;flat&#8221; color=&#8221;info&#8221; link=&#8221;url:https%3A%2F%2Fapp.smartclinicweb.com%2F%23%2Fcreate-account|&#8221;][vc_empty_space height=&#8221;140px&#8221;][\/vc_column][\/vc_row][vc_row full_width=&#8221;stretch_row_content&#8221;][vc_column width=&#8221;1\/2&#8243; offset=&#8221;vc_hidden-lg vc_hidden-md&#8221;][vc_single_image image=&#8221;3591&#8243; img_size=&#8221;full&#8221; alignment=&#8221;center&#8221;][\/vc_column][vc_column width=&#8221;1\/2&#8243; css=&#8221;.vc_custom_1620062369448{padding-right: 16px !important;padding-left: 16px !important;}&#8221; offset=&#8221;vc_hidden-lg vc_hidden-md&#8221;][vc_column_text el_class=&#8221;tituloazul&#8221;]<\/p>\n<h2>Sol\u00b7licita la teva demo gratis<\/h2>\n<p>[\/vc_column_text][vc_single_image image=&#8221;3501&#8243; img_size=&#8221;full&#8221;][vc_column_text]A qu\u00e8 est\u00e0s esperant per a provar Nenomed\u00ae? Comen\u00e7a ara a gaudir d&#8217;un per\u00edode de prova d&#8217;1 mes sense cap limitaci\u00f3.[\/vc_column_text][vc_btn title=&#8221;SOL\u00b7LICITAR PROVA GRATU\u00cfTA&#8221; style=&#8221;flat&#8221; color=&#8221;info&#8221; link=&#8221;url:https%3A%2F%2Fapp.smartclinicweb.com%2F%23%2Fcreate-account|&#8221;][vc_empty_space height=&#8221;44px&#8221;][\/vc_column][\/vc_row]<\/p>\n<p><span data-mce-type=\"bookmark\" style=\"width: 0px;overflow: hidden;line-height: 0\" class=\"mce_SELRES_start\">\ufeff<\/span><\/p>\n","protected":false},"excerpt":{"rendered":"<p>[vc_row full_width=&#8221;stretch_row_content_no_spaces&#8221; css=&#8221;.vc_custom_1620289255274{margin-top: -90px !important;background-image: url(\/wp-content\/uploads\/2021\/05\/HEADER-fisio.jpg?id=3940) !important;}&#8221;][vc_column offset=&#8221;vc_hidden-sm vc_hidden-xs&#8221;][vc_empty_space height=&#8221;450px&#8221;][\/vc_column][\/vc_row][vc_row full_width=&#8221;stretch_row_content_no_spaces&#8221;][vc_column offset=&#8221;vc_hidden-lg&#8221;][vc_empty_space height=&#8221;30px&#8221;][vc_single_image image=&#8221;3941&#8243; img_size=&#8221;full&#8221;][\/vc_column][\/vc_row][vc_row full_width=&#8221;stretch_row_content_no_spaces&#8221;][vc_column offset=&#8221;vc_hidden-md vc_hidden-sm vc_hidden-xs&#8221;][vc_empty_space height=&#8221;90px&#8221;][\/vc_column][\/vc_row][vc_row][vc_column][vc_column_text el_class=&#8221;tituloazul&#8221;] Nenomed\u00ae, el millor software per a centres fisioterap\u00e8utics [\/vc_column_text][vc_empty_space][vc_column_text] Gestionar el teu negoci pot robar-te molt temps i pot ser que no disposis de les eines necess\u00e0ries per a fer-ho, per aix\u00f2 t&#8217;aconsellem disposar [&hellip;]<\/p>\n","protected":false},"author":2,"featured_media":0,"parent":0,"menu_order":0,"comment_status":"closed","ping_status":"closed","template":"","meta":[],"_links":{"self":[{"href":"https:\/\/nenomed.es\/ca\/wp-json\/wp\/v2\/pages\/4817"}],"collection":[{"href":"https:\/\/nenomed.es\/ca\/wp-json\/wp\/v2\/pages"}],"about":[{"href":"https:\/\/nenomed.es\/ca\/wp-json\/wp\/v2\/types\/page"}],"author":[{"embeddable":true,"href":"https:\/\/nenomed.es\/ca\/wp-json\/wp\/v2\/users\/2"}],"replies":[{"embeddable":true,"href":"https:\/\/nenomed.es\/ca\/wp-json\/wp\/v2\/comments?post=4817"}],"version-history":[{"count":0,"href":"https:\/\/nenomed.es\/ca\/wp-json\/wp\/v2\/pages\/4817\/revisions"}],"wp:attachment":[{"href":"https:\/\/nenomed.es\/ca\/wp-json\/wp\/v2\/media?parent=4817"}],"curies":[{"name":"wp","href":"https:\/\/api.w.org\/{rel}","templated":true}]}}